{"id":22,"date":"2018-03-27T10:16:04","date_gmt":"2018-03-27T08:16:04","guid":{"rendered":"http:\/\/cecscouillet.eu\/pf\/?page_id=22"},"modified":"2025-09-17T09:39:58","modified_gmt":"2025-09-17T07:39:58","slug":"travaux-deleves","status":"publish","type":"page","link":"http:\/\/cecscouillet.eu\/pf\/travaux-deleves\/","title":{"rendered":"Agenda"},"content":{"rendered":"\n<div id=\"u20825-4\" class=\"AccordionPanelTab borderbox clearfix colelem AccordionPanelTabOpen\" tabindex=\"0\" role=\"tab\" data-muse-temp-textcontainer-sizepolicy=\"true\" data-muse-temp-textcontainer-pinning=\"true\" data-muse-uid=\"U20825\" data-muse-type=\"txt_frame\" aria-selected=\"true\">\n<div id=\"u20825-3\">\n<h4><strong>Cong\u00e9 scolaire<\/strong><\/h4>\n<ul>\n<li>Cong\u00e9 d&rsquo;automne du lundi 20 octobre 2025 au vendredi 31 octobre 2025<\/li>\n<li>Comm\u00e9moration du 11 novembre mardi 11 novembre 2025<\/li>\n<li>Vacances d&rsquo;hiver du lundi 22 d\u00e9cembre 2025 au vendredi 2 janvier 2026<\/li>\n<li>Cong\u00e9 de d\u00e9tente  du lundi 16 f\u00e9vrier 2025 au vendredi 27 f\u00e9vrier 2026<\/li>\n<li>Lundi de P\u00e2ques lundi 6 avril 2026<\/li>\n<li>Vacances de printemps du lundi 27 avril 2026 au vendredi 8 mai 2026<\/li>\n<li>Cong\u00e9 de l&rsquo;Ascension jeudi 14 mai 2026<\/li>\n<li>Lundi de Pentec\u00f4te lundi 25 mai 2026<\/li>\n<li>Les vacances d&rsquo;\u00e9t\u00e9 d\u00e9butent le samedi 4 juillet 2026<\/li>\n<\/ul>\n<h4>&nbsp;<\/h4>\n<\/div>\n<\/div>\n","protected":false},"excerpt":{"rendered":"<p>Cong\u00e9 scolaire Cong\u00e9 d&rsquo;automne du lundi 20 octobre 2025 au vendredi 31 octobre 2025 Comm\u00e9moration du 11 novembre mardi 11 novembre 2025 Vacances d&rsquo;hiver du lundi 22 d\u00e9cembre 2025 au vendredi 2 janvier 2026 Cong\u00e9 de d\u00e9tente du lundi 16 f\u00e9vrier 2025 au vendredi 27 f\u00e9vrier 2026 Lundi de P\u00e2ques lundi 6 avril 2026 Vacances [&hellip;]<\/p>\n","protected":false},"author":1,"featured_media":0,"parent":0,"menu_order":0,"comment_status":"closed","ping_status":"closed","template":"","meta":{"footnotes":""},"_links":{"self":[{"href":"http:\/\/cecscouillet.eu\/pf\/wp-json\/wp\/v2\/pages\/22"}],"collection":[{"href":"http:\/\/cecscouillet.eu\/pf\/wp-json\/wp\/v2\/pages"}],"about":[{"href":"http:\/\/cecscouillet.eu\/pf\/wp-json\/wp\/v2\/types\/page"}],"author":[{"embeddable":true,"href":"http:\/\/cecscouillet.eu\/pf\/wp-json\/wp\/v2\/users\/1"}],"replies":[{"embeddable":true,"href":"http:\/\/cecscouillet.eu\/pf\/wp-json\/wp\/v2\/comments?post=22"}],"version-history":[{"count":18,"href":"http:\/\/cecscouillet.eu\/pf\/wp-json\/wp\/v2\/pages\/22\/revisions"}],"predecessor-version":[{"id":2406,"href":"http:\/\/cecscouillet.eu\/pf\/wp-json\/wp\/v2\/pages\/22\/revisions\/2406"}],"wp:attachment":[{"href":"http:\/\/cecscouillet.eu\/pf\/wp-json\/wp\/v2\/media?parent=22"}],"curies":[{"name":"wp","href":"https:\/\/api.w.org\/{rel}","templated":true}]}}