{"id":48,"date":"2018-03-27T10:44:04","date_gmt":"2018-03-27T08:44:04","guid":{"rendered":"http:\/\/cecscouillet.eu\/pf\/?page_id=48"},"modified":"2026-03-23T12:43:31","modified_gmt":"2026-03-23T11:43:31","slug":"limprevu","status":"publish","type":"page","link":"http:\/\/cecscouillet.eu\/pf\/limprevu\/","title":{"rendered":"Restaurant"},"content":{"rendered":"\n<div class=\"wp-block-columns is-layout-flex wp-container-core-columns-is-layout-1 wp-block-columns-is-layout-flex\">\n<div class=\"wp-block-column is-layout-flow wp-block-column-is-layout-flow\" style=\"flex-basis:18%\"><\/div>\n\n\n\n<div class=\"wp-block-column is-layout-flow wp-block-column-is-layout-flow\" style=\"flex-basis:60%\">\n<figure class=\"wp-block-image size-large\"><img loading=\"lazy\" decoding=\"async\" width=\"730\" height=\"1024\" src=\"https:\/\/cecscouillet.eu\/pf\/wp-content\/uploads\/2026\/03\/menu-du-restaurant-limprevu-du-debut-avril-730x1024.jpg\" alt=\"\" class=\"wp-image-2049\" srcset=\"http:\/\/cecscouillet.eu\/pf\/wp-content\/uploads\/2026\/03\/menu-du-restaurant-limprevu-du-debut-avril-730x1024.jpg 730w, http:\/\/cecscouillet.eu\/pf\/wp-content\/uploads\/2026\/03\/menu-du-restaurant-limprevu-du-debut-avril-214x300.jpg 214w, http:\/\/cecscouillet.eu\/pf\/wp-content\/uploads\/2026\/03\/menu-du-restaurant-limprevu-du-debut-avril-768x1077.jpg 768w, http:\/\/cecscouillet.eu\/pf\/wp-content\/uploads\/2026\/03\/menu-du-restaurant-limprevu-du-debut-avril-1095x1536.jpg 1095w, http:\/\/cecscouillet.eu\/pf\/wp-content\/uploads\/2026\/03\/menu-du-restaurant-limprevu-du-debut-avril-1460x2048.jpg 1460w, http:\/\/cecscouillet.eu\/pf\/wp-content\/uploads\/2026\/03\/menu-du-restaurant-limprevu-du-debut-avril-scaled.jpg 1825w\" sizes=\"(max-width: 730px) 100vw, 730px\" \/><\/figure>\n\n\n\n<p class=\"has-text-align-center has-medium-font-size\"><a href=\"http:\/\/cecscouillet.eu\/pf\/wp-content\/uploads\/2026\/03\/menu-du-restaurant-limprevu-du-debut-avril.pdf\" target=\"_blank\" rel=\"noreferrer noopener\">T\u00e9l\u00e9charger le menu<\/a><\/p>\n<\/div>\n\n\n\n<div class=\"wp-block-column is-layout-flow wp-block-column-is-layout-flow\" style=\"flex-basis:10%\"><\/div>\n<\/div>\n\n\n\n<h4 class=\"wp-block-heading\"><\/h4>\n\n\n\n<hr class=\"wp-block-separator has-alpha-channel-opacity\"\/>\n\n\n\n<div style=\"height:100px\" aria-hidden=\"true\" class=\"wp-block-spacer\"><\/div>\n\n\n\n<p class=\"has-text-align-center has-vivid-cyan-blue-color has-text-color has-link-color has-large-font-size wp-elements-acc39f1ede1103e46ce1325c636cd4b7\">\u00c9cole d&rsquo;h\u00f4tellerie de Marcinelle<\/p>\n\n\n\n<p class=\"has-text-align-center has-medium-font-size\">L\u2019\u00e9veil du Printemps tout en douceur et parfum\u00e9 de notre amour du partage.<br>L\u2019\u00e9quipe \u00e9ducative et leurs \u00e9l\u00e8ves vous attendent nombreux<br>Le vendredi 10 avril 2026 d\u00e8s 19h.<\/p>\n\n\n\n<div class=\"wp-block-columns is-layout-flex wp-container-core-columns-is-layout-2 wp-block-columns-is-layout-flex\">\n<div class=\"wp-block-column is-layout-flow wp-block-column-is-layout-flow\" style=\"flex-basis:18%\"><\/div>\n\n\n\n<div class=\"wp-block-column is-layout-flow wp-block-column-is-layout-flow\" style=\"flex-basis:60%\">\n<figure class=\"wp-block-image size-large\"><img loading=\"lazy\" decoding=\"async\" width=\"730\" height=\"1024\" src=\"https:\/\/cecscouillet.eu\/pf\/wp-content\/uploads\/2026\/03\/Leveil-du-Printemps-730x1024.jpg\" alt=\"\" class=\"wp-image-1927\" srcset=\"http:\/\/cecscouillet.eu\/pf\/wp-content\/uploads\/2026\/03\/Leveil-du-Printemps-730x1024.jpg 730w, http:\/\/cecscouillet.eu\/pf\/wp-content\/uploads\/2026\/03\/Leveil-du-Printemps-214x300.jpg 214w, http:\/\/cecscouillet.eu\/pf\/wp-content\/uploads\/2026\/03\/Leveil-du-Printemps-768x1077.jpg 768w, http:\/\/cecscouillet.eu\/pf\/wp-content\/uploads\/2026\/03\/Leveil-du-Printemps-1095x1536.jpg 1095w, http:\/\/cecscouillet.eu\/pf\/wp-content\/uploads\/2026\/03\/Leveil-du-Printemps-1460x2048.jpg 1460w, http:\/\/cecscouillet.eu\/pf\/wp-content\/uploads\/2026\/03\/Leveil-du-Printemps-scaled.jpg 1825w\" sizes=\"(max-width: 730px) 100vw, 730px\" \/><\/figure>\n<\/div>\n\n\n\n<div class=\"wp-block-column is-layout-flow wp-block-column-is-layout-flow\" style=\"flex-basis:10%\"><\/div>\n<\/div>\n\n\n\n<p class=\"has-text-align-center has-medium-font-size\"><strong>R\u00e9servation avant le 20 mars. <\/strong><\/p>\n\n\n\n<p class=\"has-text-align-center has-medium-font-size\">L&rsquo;inscription ne sera effective qu&rsquo;apr\u00e8s le paiement <br>sur le site de l&rsquo;\u00e9cole h\u00f4teli\u00e8re de Marcinelle.<\/p>\n\n\n\n<p class=\"has-text-align-center has-medium-font-size\">106, rue des Forgerons<br>6001 Marcinelle<\/p>\n\n\n\n<p class=\"has-text-align-center has-medium-font-size\"><br><a href=\"http:\/\/cecscouillet.eu\/pf\/wp-content\/uploads\/2026\/03\/Leveil-du-Printemps.pdf\" target=\"_blank\" rel=\"noreferrer noopener\">T\u00e9l\u00e9charger le menu<\/a><\/p>\n","protected":false},"excerpt":{"rendered":"<p>T\u00e9l\u00e9charger le menu \u00c9cole d&rsquo;h\u00f4tellerie de Marcinelle L\u2019\u00e9veil du Printemps tout en douceur et parfum\u00e9 de notre amour du partage.L\u2019\u00e9quipe \u00e9ducative et leurs \u00e9l\u00e8ves vous attendent nombreuxLe vendredi 10 avril 2026 d\u00e8s 19h. R\u00e9servation avant le 20 mars. L&rsquo;inscription ne sera effective qu&rsquo;apr\u00e8s le paiement sur le site de l&rsquo;\u00e9cole h\u00f4teli\u00e8re de Marcinelle. 106, rue [&hellip;]<\/p>\n","protected":false},"author":1,"featured_media":0,"parent":0,"menu_order":0,"comment_status":"closed","ping_status":"closed","template":"","meta":{"footnotes":""},"_links":{"self":[{"href":"http:\/\/cecscouillet.eu\/pf\/wp-json\/wp\/v2\/pages\/48"}],"collection":[{"href":"http:\/\/cecscouillet.eu\/pf\/wp-json\/wp\/v2\/pages"}],"about":[{"href":"http:\/\/cecscouillet.eu\/pf\/wp-json\/wp\/v2\/types\/page"}],"author":[{"embeddable":true,"href":"http:\/\/cecscouillet.eu\/pf\/wp-json\/wp\/v2\/users\/1"}],"replies":[{"embeddable":true,"href":"http:\/\/cecscouillet.eu\/pf\/wp-json\/wp\/v2\/comments?post=48"}],"version-history":[{"count":119,"href":"http:\/\/cecscouillet.eu\/pf\/wp-json\/wp\/v2\/pages\/48\/revisions"}],"predecessor-version":[{"id":2054,"href":"http:\/\/cecscouillet.eu\/pf\/wp-json\/wp\/v2\/pages\/48\/revisions\/2054"}],"wp:attachment":[{"href":"http:\/\/cecscouillet.eu\/pf\/wp-json\/wp\/v2\/media?parent=48"}],"curies":[{"name":"wp","href":"https:\/\/api.w.org\/{rel}","templated":true}]}}