{"id":50,"date":"2018-03-27T10:44:25","date_gmt":"2018-03-27T08:44:25","guid":{"rendered":"http:\/\/cecscouillet.eu\/pf\/?page_id=50"},"modified":"2026-04-16T14:37:31","modified_gmt":"2026-04-16T12:37:31","slug":"lentre-deux","status":"publish","type":"page","link":"http:\/\/cecscouillet.eu\/pf\/lentre-deux\/","title":{"rendered":"L&rsquo;Entre Deux"},"content":{"rendered":"\n<div class=\"wp-block-columns is-layout-flex wp-container-core-columns-is-layout-1 wp-block-columns-is-layout-flex\">\n<div class=\"wp-block-column is-layout-flow wp-block-column-is-layout-flow\" style=\"flex-basis:18%\"><\/div>\n\n\n\n<div class=\"wp-block-column is-layout-flow wp-block-column-is-layout-flow\" style=\"flex-basis:60%\">\n<figure class=\"wp-block-image size-large\"><img loading=\"lazy\" decoding=\"async\" width=\"724\" height=\"1024\" src=\"https:\/\/cecscouillet.eu\/pf\/wp-content\/uploads\/2026\/04\/menu-entre-2-01-copie-724x1024.jpg\" alt=\"\" class=\"wp-image-2414\" srcset=\"http:\/\/cecscouillet.eu\/pf\/wp-content\/uploads\/2026\/04\/menu-entre-2-01-copie-724x1024.jpg 724w, http:\/\/cecscouillet.eu\/pf\/wp-content\/uploads\/2026\/04\/menu-entre-2-01-copie-212x300.jpg 212w, http:\/\/cecscouillet.eu\/pf\/wp-content\/uploads\/2026\/04\/menu-entre-2-01-copie-768x1086.jpg 768w, http:\/\/cecscouillet.eu\/pf\/wp-content\/uploads\/2026\/04\/menu-entre-2-01-copie-1086x1536.jpg 1086w, http:\/\/cecscouillet.eu\/pf\/wp-content\/uploads\/2026\/04\/menu-entre-2-01-copie-1448x2048.jpg 1448w, http:\/\/cecscouillet.eu\/pf\/wp-content\/uploads\/2026\/04\/menu-entre-2-01-copie-scaled.jpg 1810w\" sizes=\"(max-width: 724px) 100vw, 724px\" \/><\/figure>\n<\/div>\n\n\n\n<div class=\"wp-block-column is-layout-flow wp-block-column-is-layout-flow\" style=\"flex-basis:10%\"><\/div>\n<\/div>\n\n\n\n<p class=\"has-text-align-center has-medium-font-size\"><a href=\"http:\/\/cecscouillet.eu\/pf\/wp-content\/uploads\/2026\/04\/menu-entre-2-01-copie.pdf\" target=\"_blank\" rel=\"noreferrer noopener\">T\u00e9l\u00e9charger le menu<\/a><\/p>\n\n\n\n<div style=\"height:20px\" aria-hidden=\"true\" class=\"wp-block-spacer\"><\/div>\n\n\n\n<hr class=\"wp-block-separator has-alpha-channel-opacity\"\/>\n\n\n\n<div style=\"height:30px\" aria-hidden=\"true\" class=\"wp-block-spacer\"><\/div>\n\n\n\n<div class=\"wp-block-columns is-layout-flex wp-container-core-columns-is-layout-2 wp-block-columns-is-layout-flex\">\n<div class=\"wp-block-column is-layout-flow wp-block-column-is-layout-flow\" style=\"flex-basis:18%\"><\/div>\n\n\n\n<div class=\"wp-block-column is-layout-flow wp-block-column-is-layout-flow\" style=\"flex-basis:60%\">\n<figure class=\"wp-block-image size-large\"><img loading=\"lazy\" decoding=\"async\" width=\"724\" height=\"1024\" src=\"https:\/\/cecscouillet.eu\/pf\/wp-content\/uploads\/2026\/04\/menu-entre-2-02-copie-724x1024.jpg\" alt=\"\" class=\"wp-image-2416\" srcset=\"http:\/\/cecscouillet.eu\/pf\/wp-content\/uploads\/2026\/04\/menu-entre-2-02-copie-724x1024.jpg 724w, http:\/\/cecscouillet.eu\/pf\/wp-content\/uploads\/2026\/04\/menu-entre-2-02-copie-212x300.jpg 212w, http:\/\/cecscouillet.eu\/pf\/wp-content\/uploads\/2026\/04\/menu-entre-2-02-copie-768x1086.jpg 768w, http:\/\/cecscouillet.eu\/pf\/wp-content\/uploads\/2026\/04\/menu-entre-2-02-copie-1086x1536.jpg 1086w, http:\/\/cecscouillet.eu\/pf\/wp-content\/uploads\/2026\/04\/menu-entre-2-02-copie-1448x2048.jpg 1448w, http:\/\/cecscouillet.eu\/pf\/wp-content\/uploads\/2026\/04\/menu-entre-2-02-copie-scaled.jpg 1810w\" sizes=\"(max-width: 724px) 100vw, 724px\" \/><\/figure>\n<\/div>\n\n\n\n<div class=\"wp-block-column is-layout-flow wp-block-column-is-layout-flow\" style=\"flex-basis:10%\"><\/div>\n<\/div>\n\n\n\n<p class=\"has-text-align-center has-medium-font-size\"><a href=\"http:\/\/cecscouillet.eu\/pf\/wp-content\/uploads\/2026\/04\/menu-entre-2-02-copie.pdf\" target=\"_blank\" rel=\"noreferrer noopener\">T\u00e9l\u00e9charger le menu<\/a><\/p>\n","protected":false},"excerpt":{"rendered":"<p>T\u00e9l\u00e9charger le menu T\u00e9l\u00e9charger le menu<\/p>\n","protected":false},"author":1,"featured_media":0,"parent":0,"menu_order":0,"comment_status":"closed","ping_status":"closed","template":"","meta":{"footnotes":""},"_links":{"self":[{"href":"http:\/\/cecscouillet.eu\/pf\/wp-json\/wp\/v2\/pages\/50"}],"collection":[{"href":"http:\/\/cecscouillet.eu\/pf\/wp-json\/wp\/v2\/pages"}],"about":[{"href":"http:\/\/cecscouillet.eu\/pf\/wp-json\/wp\/v2\/types\/page"}],"author":[{"embeddable":true,"href":"http:\/\/cecscouillet.eu\/pf\/wp-json\/wp\/v2\/users\/1"}],"replies":[{"embeddable":true,"href":"http:\/\/cecscouillet.eu\/pf\/wp-json\/wp\/v2\/comments?post=50"}],"version-history":[{"count":32,"href":"http:\/\/cecscouillet.eu\/pf\/wp-json\/wp\/v2\/pages\/50\/revisions"}],"predecessor-version":[{"id":2442,"href":"http:\/\/cecscouillet.eu\/pf\/wp-json\/wp\/v2\/pages\/50\/revisions\/2442"}],"wp:attachment":[{"href":"http:\/\/cecscouillet.eu\/pf\/wp-json\/wp\/v2\/media?parent=50"}],"curies":[{"name":"wp","href":"https:\/\/api.w.org\/{rel}","templated":true}]}}