{"id":54,"date":"2018-03-27T11:25:13","date_gmt":"2018-03-27T09:25:13","guid":{"rendered":"http:\/\/cecscouillet.eu\/pf\/?page_id=54"},"modified":"2026-03-06T08:27:22","modified_gmt":"2026-03-06T07:27:22","slug":"artistique","status":"publish","type":"page","link":"http:\/\/cecscouillet.eu\/pf\/artistique\/","title":{"rendered":"Artistique"},"content":{"rendered":"\n<p class=\"has-vivid-cyan-blue-color has-text-color has-link-color has-large-font-size wp-elements-e73937a87a337bc0967d5b2b8a24b73d\"><strong>TECHNICIEN(NE) EN INFOGRAPHIE<\/strong><\/p>\n\n\n\n<div class=\"wp-block-columns is-layout-flex wp-container-core-columns-is-layout-1 wp-block-columns-is-layout-flex\">\n<div class=\"wp-block-column is-layout-flow wp-block-column-is-layout-flow\">\n<p><strong>TYPE D\u2019ENSEIGNEMENT<\/strong><br>Enseignement Technique de qualification.<br><br><strong>PR\u00c9SENTATION<\/strong><br><br>D\u00c9COUVREZ UN UNIVERS DE CR\u00c9ATIVIT\u00c9 ET D\u2019INNOVATION<br>En plein essor gr\u00e2ce \u00e0 l\u2019\u00e9volution technologique, l\u2019infographie et la publicit\u00e9 sont bien plus qu\u2019un m\u00e9tier : elles repr\u00e9sentent un art de vivre ! Du graphisme \u00e0 la communication visuelle, en passant par la cr\u00e9ation de logos, d&rsquo;affiche, de folders publicitaires, de sites Internet, de cr\u00e9ation 3D, \u2026 Notre formation vous ouvre les portes d\u2019un avenir passionnant.<br><\/p>\n<\/div>\n\n\n\n<div class=\"wp-block-column is-layout-flow wp-block-column-is-layout-flow\">\n<figure class=\"wp-block-image size-large\"><img loading=\"lazy\" decoding=\"async\" width=\"1024\" height=\"637\" src=\"https:\/\/cecscouillet.eu\/pf\/wp-content\/uploads\/2026\/02\/Brochure_compl_compressed-5-36-1024x637.jpg\" alt=\"\" class=\"wp-image-1694\" srcset=\"http:\/\/cecscouillet.eu\/pf\/wp-content\/uploads\/2026\/02\/Brochure_compl_compressed-5-36-1024x637.jpg 1024w, http:\/\/cecscouillet.eu\/pf\/wp-content\/uploads\/2026\/02\/Brochure_compl_compressed-5-36-300x187.jpg 300w, http:\/\/cecscouillet.eu\/pf\/wp-content\/uploads\/2026\/02\/Brochure_compl_compressed-5-36-768x478.jpg 768w, http:\/\/cecscouillet.eu\/pf\/wp-content\/uploads\/2026\/02\/Brochure_compl_compressed-5-36.jpg 1268w\" sizes=\"(max-width: 1024px) 100vw, 1024px\" \/><\/figure>\n<\/div>\n<\/div>\n\n\n\n<div class=\"wp-block-columns is-layout-flex wp-container-core-columns-is-layout-2 wp-block-columns-is-layout-flex\">\n<div class=\"wp-block-column is-layout-flow wp-block-column-is-layout-flow\">\n<figure class=\"wp-block-image size-large\"><img loading=\"lazy\" decoding=\"async\" width=\"1024\" height=\"685\" src=\"https:\/\/cecscouillet.eu\/pf\/wp-content\/uploads\/2026\/02\/joshuaworoniecki-laptop-5673901_1280-1024x685.jpg\" alt=\"\" class=\"wp-image-1695\" srcset=\"http:\/\/cecscouillet.eu\/pf\/wp-content\/uploads\/2026\/02\/joshuaworoniecki-laptop-5673901_1280-1024x685.jpg 1024w, http:\/\/cecscouillet.eu\/pf\/wp-content\/uploads\/2026\/02\/joshuaworoniecki-laptop-5673901_1280-300x201.jpg 300w, http:\/\/cecscouillet.eu\/pf\/wp-content\/uploads\/2026\/02\/joshuaworoniecki-laptop-5673901_1280-768x514.jpg 768w, http:\/\/cecscouillet.eu\/pf\/wp-content\/uploads\/2026\/02\/joshuaworoniecki-laptop-5673901_1280.jpg 1280w\" sizes=\"(max-width: 1024px) 100vw, 1024px\" \/><\/figure>\n<\/div>\n\n\n\n<div class=\"wp-block-column is-layout-flow wp-block-column-is-layout-flow\">\n<p><strong>UNE FORMATION COMPL\u00c8TE ET QUALIFIANTE<\/strong><br>La formation se d\u00e9roule sur trois ans (de la 4e \u00e0 la 6e secondaire \u2013 PEQ : Certification par unit\u00e9s de qualification) et permet d\u2019obtenir en fin de cursus :<br>\u2022\u2007 Certificat d\u2019Enseignement Secondaire Sup\u00e9rieur (CESS), donc avec la possibilit\u00e9 de poursuivre des \u00e9tudes sup\u00e9rieures<br>\u2022\u2007 Le Certificat de Qualification (CQ)<\/p>\n\n\n\n<p><\/p>\n\n\n\n<p><br><\/p>\n\n\n\n<p><strong>DES COMP\u00c9TENCES CL\u00c9S POUR UN AVENIR<br>S\u00c9CURIS\u00c9<\/strong><br>Nos formations permettent \u00e0 chaque technicien(ne) en infographie de ma\u00eetriser :<br>\u2022\u2007 La cr\u00e9ation de visuels int\u00e9grant images,<br>photos, textes et vid\u00e9os.<br>\u2022\u2007 Les logiciels professionnels : Illustrator,<br>Photoshop, InDesign, 3D Studio Max, \u2026<br>\u2022\u2007 La conception et la mise en page pour divers supports : affiches, livres, journaux, flyers, sites web, 3D, \u2026<\/p>\n\n\n\n<p><\/p>\n\n\n\n<p><br><\/p>\n\n\n\n<p><strong>DES PERSPECTIVES VARI\u00c9ES<\/strong><br>Nos \u00e9l\u00e8ves acqui\u00e8rent une expertise technique et une sensibilit\u00e9 artistique qui leur ouvrent de nombreuses opportunit\u00e9s.<\/p>\n<\/div>\n<\/div>\n\n\n\n<hr class=\"wp-block-separator has-alpha-channel-opacity\"\/>\n\n\n\n<p class=\"has-vivid-cyan-blue-color has-text-color has-link-color has-large-font-size wp-elements-a7ab11140115ddbe9c9aa3575ee608af\"><strong>ASSISTANT(E) AUX M\u00c9TIERS DE LA PUBLICIT\u00c9<\/strong><\/p>\n\n\n\n<div class=\"wp-block-columns is-layout-flex wp-container-core-columns-is-layout-3 wp-block-columns-is-layout-flex\">\n<div class=\"wp-block-column is-layout-flow wp-block-column-is-layout-flow\">\n<p><strong>TYPE D\u2019ENSEIGNEMENT<\/strong><br>Enseignement Professionnel.<\/p>\n\n\n\n<p><br><strong>PR\u00c9SENTATION <\/strong><br>LES M\u00c9TIERS DU SECTEUR ARTISTIQUE POUR<br>CR\u00c9ER, IMAGINER, INNOVER !<br>Plaisir de dessiner, de cr\u00e9er, que ce soit des logos, des T-shirts, des pr\u00e9sentoirs, des accessoires en impression s\u00e9rigraphique\u2026 Nos professeurs vous accompagnent tout au long de votre formation pour vous guider vers un avenir professionnel prometteur.<\/p>\n\n\n\n<p><br><strong>UNE FORMATION QUALIFIANTE ET POLYVALENTE<\/strong><br>Dispens\u00e9e sur quatre ans (de la 4e \u00e0 la 6e<br>secondaire \u2013 PEQ : Certification par unit\u00e9s de qualification), cette formation vous permet d\u2019obtenir :<br>\u2022\u2007 Certificat d\u2019\u00c9tude (CE)<br>\u2022\u2007 Certificat de Qualification (CQ)<br>Possibilit\u00e9 de compl\u00e9ter avec un CQ de 7\u00e8me<br>ann\u00e9e en Compl\u00e9ment aux Techniques Publicitaires, obtenant \u00e9galement :<br>\u2022\u2007 Certificat d\u2019Enseignement Secondaire Sup\u00e9rieur (CESS), donc avec la possibilit\u00e9 de poursuivre des \u00e9tudes sup\u00e9rieures.<br>\u2022\u2007 Certificat de Gestion (CG)<\/p>\n<\/div>\n\n\n\n<div class=\"wp-block-column is-layout-flow wp-block-column-is-layout-flow\">\n<figure class=\"wp-block-image size-full\"><img loading=\"lazy\" decoding=\"async\" width=\"785\" height=\"542\" src=\"https:\/\/cecscouillet.eu\/pf\/wp-content\/uploads\/2026\/02\/Brochure_compl_compressed-5-37.jpg\" alt=\"\" class=\"wp-image-1702\" srcset=\"http:\/\/cecscouillet.eu\/pf\/wp-content\/uploads\/2026\/02\/Brochure_compl_compressed-5-37.jpg 785w, http:\/\/cecscouillet.eu\/pf\/wp-content\/uploads\/2026\/02\/Brochure_compl_compressed-5-37-300x207.jpg 300w, http:\/\/cecscouillet.eu\/pf\/wp-content\/uploads\/2026\/02\/Brochure_compl_compressed-5-37-768x530.jpg 768w\" sizes=\"(max-width: 785px) 100vw, 785px\" \/><\/figure>\n<\/div>\n<\/div>\n\n\n\n<div class=\"wp-block-columns is-layout-flex wp-container-core-columns-is-layout-4 wp-block-columns-is-layout-flex\">\n<div class=\"wp-block-column is-layout-flow wp-block-column-is-layout-flow\">\n<figure class=\"wp-block-image size-large\"><img loading=\"lazy\" decoding=\"async\" width=\"1024\" height=\"684\" src=\"https:\/\/cecscouillet.eu\/pf\/wp-content\/uploads\/2026\/02\/still-life-food-delivery-1024x684.jpg\" alt=\"\" class=\"wp-image-1704\" srcset=\"http:\/\/cecscouillet.eu\/pf\/wp-content\/uploads\/2026\/02\/still-life-food-delivery-1024x684.jpg 1024w, http:\/\/cecscouillet.eu\/pf\/wp-content\/uploads\/2026\/02\/still-life-food-delivery-300x200.jpg 300w, http:\/\/cecscouillet.eu\/pf\/wp-content\/uploads\/2026\/02\/still-life-food-delivery-768x513.jpg 768w, http:\/\/cecscouillet.eu\/pf\/wp-content\/uploads\/2026\/02\/still-life-food-delivery-1536x1025.jpg 1536w, http:\/\/cecscouillet.eu\/pf\/wp-content\/uploads\/2026\/02\/still-life-food-delivery-2048x1367.jpg 2048w\" sizes=\"(max-width: 1024px) 100vw, 1024px\" \/><\/figure>\n<\/div>\n\n\n\n<div class=\"wp-block-column is-layout-flow wp-block-column-is-layout-flow\">\n<p><strong>DES COMP\u00c9TENCES CL\u00c9S POUR R\u00c9USSIR<\/strong><br>L\u2019assistant(e) aux m\u00e9tiers de la publicit\u00e9 sera capable :<br>\u2022\u2007 De r\u00e9aliser des mises au net de logos, affiches, flyers, magazines sous la supervision d\u2019un cr\u00e9atif publicitaire.<br>\u2022\u2007 De mettre en page un packaging avec toutes<br>les donn\u00e9es pour l\u2019imprimeur.<br>\u2022\u2007 De calibrer un document pour une impression de qualit\u00e9 et\/ou une impression en s\u00e9rigraphie.<br>\u2022\u2007 De ma\u00eetriser les techniques d\u2019impression s\u00e9rigraphique.<br>\u2022\u2007 De r\u00e9aliser la d\u00e9coupe et l\u2019installation de vinyle.<\/p>\n\n\n\n<p><br><strong>UN AVENIR PROMETTEUR<\/strong><br>Ces formations permettent aux \u00e9l\u00e8ves d\u2019acqu\u00e9rir des comp\u00e9tences vari\u00e9es et une sensibilit\u00e9 artistique. Elles offrent de nombreux d\u00e9bouch\u00e9s professionnels ainsi que la possibilit\u00e9 de poursuivre des \u00e9tudes sup\u00e9rieures.<\/p>\n<\/div>\n<\/div>\n\n\n\n<p><\/p>\n\n\n\n<p><\/p>\n","protected":false},"excerpt":{"rendered":"<p>TECHNICIEN(NE) EN INFOGRAPHIE TYPE D\u2019ENSEIGNEMENTEnseignement Technique de qualification. PR\u00c9SENTATION D\u00c9COUVREZ UN UNIVERS DE CR\u00c9ATIVIT\u00c9 ET D\u2019INNOVATIONEn plein essor gr\u00e2ce \u00e0 l\u2019\u00e9volution technologique, l\u2019infographie et la publicit\u00e9 sont bien plus qu\u2019un m\u00e9tier : elles repr\u00e9sentent un art de vivre ! Du graphisme \u00e0 la communication visuelle, en passant par la cr\u00e9ation de logos, d&rsquo;affiche, de folders [&hellip;]<\/p>\n","protected":false},"author":1,"featured_media":0,"parent":0,"menu_order":0,"comment_status":"closed","ping_status":"closed","template":"","meta":{"footnotes":""},"_links":{"self":[{"href":"http:\/\/cecscouillet.eu\/pf\/wp-json\/wp\/v2\/pages\/54"}],"collection":[{"href":"http:\/\/cecscouillet.eu\/pf\/wp-json\/wp\/v2\/pages"}],"about":[{"href":"http:\/\/cecscouillet.eu\/pf\/wp-json\/wp\/v2\/types\/page"}],"author":[{"embeddable":true,"href":"http:\/\/cecscouillet.eu\/pf\/wp-json\/wp\/v2\/users\/1"}],"replies":[{"embeddable":true,"href":"http:\/\/cecscouillet.eu\/pf\/wp-json\/wp\/v2\/comments?post=54"}],"version-history":[{"count":43,"href":"http:\/\/cecscouillet.eu\/pf\/wp-json\/wp\/v2\/pages\/54\/revisions"}],"predecessor-version":[{"id":1873,"href":"http:\/\/cecscouillet.eu\/pf\/wp-json\/wp\/v2\/pages\/54\/revisions\/1873"}],"wp:attachment":[{"href":"http:\/\/cecscouillet.eu\/pf\/wp-json\/wp\/v2\/media?parent=54"}],"curies":[{"name":"wp","href":"https:\/\/api.w.org\/{rel}","templated":true}]}}