{"id":56,"date":"2018-03-27T11:26:17","date_gmt":"2018-03-27T09:26:17","guid":{"rendered":"http:\/\/cecscouillet.eu\/pf\/?page_id=56"},"modified":"2026-03-26T13:06:00","modified_gmt":"2026-03-26T12:06:00","slug":"hotellerie","status":"publish","type":"page","link":"http:\/\/cecscouillet.eu\/pf\/hotellerie\/","title":{"rendered":"H\u00f4tellerie"},"content":{"rendered":"\n<p class=\"has-vivid-cyan-blue-color has-text-color has-link-color has-large-font-size wp-elements-ae71751ba135d8a7408c0e53e70019df\"><strong>H\u00d4TELLERIE ET RESTAURATION<\/strong><\/p>\n\n\n\n<div class=\"wp-block-columns is-layout-flex wp-container-core-columns-is-layout-1 wp-block-columns-is-layout-flex\">\n<div class=\"wp-block-column is-layout-flow wp-block-column-is-layout-flow\">\n<p><strong>TYPE D\u2019ENSEIGNEMENT<\/strong><br>Enseignement Technique de qualification et Professionnel.<br><br><strong>PR\u00c9SENTATION<\/strong><br>De la cuisine \u00e0 la salle, de la salle \u00e0 la cuisine\u2026 Un v\u00e9ritable art de vivre et de savoir, du plaisir de la bouche au plaisir de recevoir\u2026 ou simplement le plaisir d\u2019aller au contact du client.<br>Nos professeurs vous accompagnent tout au long de votre formation pour vous mener vers un avenir professionnel prometteur.<br>Un univers de passion et de savoir-faire !<\/p>\n\n\n\n<p><strong>DES M\u00c9TIERS VARI\u00c9S ET PASSIONNANTS<\/strong><br>\u2022\u2007 En cuisine : Chefs de cuisine, chefs de partie, aide-cuisiniers, commis de cuisine, plongeurs.<br>\u2022\u2007 En salle : Serveurs, chefs de rang, commis de salle, \u0153nologue, responsables de salle, directeurs de restaurant.<\/p>\n\n\n\n<p><strong>UNE FORMATION COMPL\u00c8TE ET QUALIFIANTE<\/strong><br>La formation se d\u00e9roule sur trois ans (de la 4e \u00e0 la 6e secondaire \u2013 PEQ : Certification par unit\u00e9s de qualification) et permet d\u2019obtenir :<br>\u2022\u2007 Certificat d\u2019Enseignement Secondaire Sup\u00e9rieur (CESS), donc avec la possibilit\u00e9 de poursuivre des \u00e9tudes sup\u00e9rieures<br>\u2022\u2007 Certificat de Qualification (CQ)<br>\u2022\u2007 Certificat de Gestion (CG)<br>En compl\u00e9ment, il est possible de poursuivre en 7e ann\u00e9e professionnelle pour un CQ en Sommellerie, ou un CC en Cuisine Internationale.<\/p>\n\n\n\n<p><br><\/p>\n<\/div>\n\n\n\n<div class=\"wp-block-column is-layout-flow wp-block-column-is-layout-flow\">\n<figure class=\"wp-block-image size-large\"><img loading=\"lazy\" decoding=\"async\" width=\"1024\" height=\"684\" src=\"https:\/\/cecscouillet.eu\/pf\/wp-content\/uploads\/2026\/03\/medium-shot-woman-working-luxury-restaurant-1024x684.jpg\" alt=\"\" class=\"wp-image-1860\" srcset=\"http:\/\/cecscouillet.eu\/pf\/wp-content\/uploads\/2026\/03\/medium-shot-woman-working-luxury-restaurant-1024x684.jpg 1024w, http:\/\/cecscouillet.eu\/pf\/wp-content\/uploads\/2026\/03\/medium-shot-woman-working-luxury-restaurant-300x200.jpg 300w, http:\/\/cecscouillet.eu\/pf\/wp-content\/uploads\/2026\/03\/medium-shot-woman-working-luxury-restaurant-768x513.jpg 768w, http:\/\/cecscouillet.eu\/pf\/wp-content\/uploads\/2026\/03\/medium-shot-woman-working-luxury-restaurant-1536x1025.jpg 1536w, http:\/\/cecscouillet.eu\/pf\/wp-content\/uploads\/2026\/03\/medium-shot-woman-working-luxury-restaurant-2048x1367.jpg 2048w\" sizes=\"(max-width: 1024px) 100vw, 1024px\" \/><\/figure>\n<\/div>\n<\/div>\n\n\n\n<div class=\"wp-block-columns is-layout-flex wp-container-core-columns-is-layout-2 wp-block-columns-is-layout-flex\">\n<div class=\"wp-block-column is-layout-flow wp-block-column-is-layout-flow\">\n<figure class=\"wp-block-image size-large\"><img loading=\"lazy\" decoding=\"async\" width=\"1024\" height=\"681\" src=\"https:\/\/cecscouillet.eu\/pf\/wp-content\/uploads\/2026\/03\/group-chefs-working-kitchen-1024x681.jpg\" alt=\"\" class=\"wp-image-1861\" srcset=\"http:\/\/cecscouillet.eu\/pf\/wp-content\/uploads\/2026\/03\/group-chefs-working-kitchen-1024x681.jpg 1024w, http:\/\/cecscouillet.eu\/pf\/wp-content\/uploads\/2026\/03\/group-chefs-working-kitchen-300x200.jpg 300w, http:\/\/cecscouillet.eu\/pf\/wp-content\/uploads\/2026\/03\/group-chefs-working-kitchen-768x511.jpg 768w, http:\/\/cecscouillet.eu\/pf\/wp-content\/uploads\/2026\/03\/group-chefs-working-kitchen-1536x1022.jpg 1536w, http:\/\/cecscouillet.eu\/pf\/wp-content\/uploads\/2026\/03\/group-chefs-working-kitchen-2048x1363.jpg 2048w\" sizes=\"(max-width: 1024px) 100vw, 1024px\" \/><\/figure>\n<\/div>\n\n\n\n<div class=\"wp-block-column is-layout-flow wp-block-column-is-layout-flow\">\n<p><strong>LES QUALIT\u00c9S REQUISES POUR EXCELLER<\/strong><br>\u2022\u2007 Motivation et passion<br>\u2022\u2007 Qualit\u00e9s humaines et relationnelles<br>\u2022\u2007 Capacit\u00e9 \u00e0 travailler en \u00e9quipe<br>\u2022\u2007 Respect des normes d\u2019hygi\u00e8ne et de s\u00e9curit\u00e9 alimentaire<br>\u2022\u2007 Excellente condition physique et morale<br>\u2022\u2007 Savoir-\u00eatre et gestion de la client\u00e8le<br>\u2022\u2007 Comp\u00e9tences en gestion <\/p>\n\n\n\n<p><strong>UNE FORMATION COMPL\u00c8TE ET QUALIFIANTE<\/strong><br>\u2022\u2007 Restaurants didactiques : apprentissage du service et de l\u2019art de la table.<br>\u2022\u2007 Cuisines d\u2019application : formation aux techniques culinaires sous l\u2019encadrement de professionnels.<br>\u2022\u2007 Stages obligatoires : immersion en entreprise (brasseries, restaurants \u00e9toil\u00e9s\u2026)<br>pour une exp\u00e9rience enrichissante et d\u00e9terminante<\/p>\n<\/div>\n<\/div>\n","protected":false},"excerpt":{"rendered":"<p>H\u00d4TELLERIE ET RESTAURATION TYPE D\u2019ENSEIGNEMENTEnseignement Technique de qualification et Professionnel. PR\u00c9SENTATIONDe la cuisine \u00e0 la salle, de la salle \u00e0 la cuisine\u2026 Un v\u00e9ritable art de vivre et de savoir, du plaisir de la bouche au plaisir de recevoir\u2026 ou simplement le plaisir d\u2019aller au contact du client.Nos professeurs vous accompagnent tout au long de [&hellip;]<\/p>\n","protected":false},"author":1,"featured_media":0,"parent":0,"menu_order":0,"comment_status":"closed","ping_status":"closed","template":"","meta":{"footnotes":""},"_links":{"self":[{"href":"http:\/\/cecscouillet.eu\/pf\/wp-json\/wp\/v2\/pages\/56"}],"collection":[{"href":"http:\/\/cecscouillet.eu\/pf\/wp-json\/wp\/v2\/pages"}],"about":[{"href":"http:\/\/cecscouillet.eu\/pf\/wp-json\/wp\/v2\/types\/page"}],"author":[{"embeddable":true,"href":"http:\/\/cecscouillet.eu\/pf\/wp-json\/wp\/v2\/users\/1"}],"replies":[{"embeddable":true,"href":"http:\/\/cecscouillet.eu\/pf\/wp-json\/wp\/v2\/comments?post=56"}],"version-history":[{"count":17,"href":"http:\/\/cecscouillet.eu\/pf\/wp-json\/wp\/v2\/pages\/56\/revisions"}],"predecessor-version":[{"id":2076,"href":"http:\/\/cecscouillet.eu\/pf\/wp-json\/wp\/v2\/pages\/56\/revisions\/2076"}],"wp:attachment":[{"href":"http:\/\/cecscouillet.eu\/pf\/wp-json\/wp\/v2\/media?parent=56"}],"curies":[{"name":"wp","href":"https:\/\/api.w.org\/{rel}","templated":true}]}}