{"id":58,"date":"2018-03-27T11:27:09","date_gmt":"2018-03-27T09:27:09","guid":{"rendered":"http:\/\/cecscouillet.eu\/pf\/?page_id=58"},"modified":"2026-03-06T09:22:03","modified_gmt":"2026-03-06T08:22:03","slug":"social","status":"publish","type":"page","link":"http:\/\/cecscouillet.eu\/pf\/social\/","title":{"rendered":"Social"},"content":{"rendered":"\n<p class=\"has-vivid-cyan-blue-color has-text-color has-link-color has-large-font-size wp-elements-1be134fc10cd4ae3e7f5c94104c8b073\"><strong>SERVICES SOCIAUX PU\u00c9RICULTURE<\/strong><\/p>\n\n\n\n<div class=\"wp-block-columns is-layout-flex wp-container-core-columns-is-layout-1 wp-block-columns-is-layout-flex\">\n<div class=\"wp-block-column is-layout-flow wp-block-column-is-layout-flow\">\n<p><strong>TYPE D\u2019ENSEIGNEMENT<\/strong><br>Enseignement Professionnel.<br><br><strong>PR\u00c9SENTATION<\/strong><br>UN M\u00c9TIER AU SERVICE DE L\u2019ENFANCE<br>Le pu\u00e9riculteur\/la pu\u00e9ricultrice prend en<br>charge les enfants jusqu\u2019\u00e0 l\u2019\u00e2ge de 6 ans.<br>Son r\u00f4le est essentiel pour assurer leur bien\u00eatre, leur hygi\u00e8ne, leur sant\u00e9, leur \u00e9veil et leur \u00e9ducation.<\/p>\n\n\n\n<p><strong>SES MISSIONS PRINCIPALES<\/strong><br>\u2022\u2007 Pr\u00e9parer et donner les repas.<br>\u2022\u2007 Changer les couches et assurer l\u2019hygi\u00e8ne de l\u2019enfant.<br>\u2022\u2007 Apprendre \u00e0 l\u2019enfant \u00e0 vivre en groupe.<br>\u2022\u2007 Veiller \u00e0 sa s\u00e9curit\u00e9, le rassurer et le calmer.<br>\u2022\u2007 Participer aux jeux et organiser les loisirs.<br>Cette formation ouvre les portes \u00e0 de nombreux d\u00e9bouch\u00e9s : cr\u00e8ches, maisons d\u2019accueil, domicile de l\u2019enfant, maternit\u00e9s, \u00e9coles maternelles et enseignement sp\u00e9cialis\u00e9.<\/p>\n\n\n\n<p><strong>LES COMP\u00c9TENCES REQUISES<\/strong><br>Ce m\u00e9tier exige des qualit\u00e9s humaines et professionnelles essentielles :<br>\u2022\u2007 Sens du relationnel<br>\u2022\u2007 Humanisme<br>\u2022\u2007 Savoir-vivre<br>\u2022\u2007 Communication<br>\u2022\u2007 Patience<br>\u2022\u2007 Motivation<\/p>\n\n\n\n<p><br><\/p>\n<\/div>\n\n\n\n<div class=\"wp-block-column is-layout-flow wp-block-column-is-layout-flow\">\n<figure class=\"wp-block-image size-large\"><img loading=\"lazy\" decoding=\"async\" width=\"1024\" height=\"683\" src=\"https:\/\/cecscouillet.eu\/pf\/wp-content\/uploads\/2026\/03\/baby-making-high-five-with-her-mother-1024x683.jpg\" alt=\"\" class=\"wp-image-1880\" srcset=\"http:\/\/cecscouillet.eu\/pf\/wp-content\/uploads\/2026\/03\/baby-making-high-five-with-her-mother-1024x683.jpg 1024w, http:\/\/cecscouillet.eu\/pf\/wp-content\/uploads\/2026\/03\/baby-making-high-five-with-her-mother-300x200.jpg 300w, http:\/\/cecscouillet.eu\/pf\/wp-content\/uploads\/2026\/03\/baby-making-high-five-with-her-mother-768x512.jpg 768w, http:\/\/cecscouillet.eu\/pf\/wp-content\/uploads\/2026\/03\/baby-making-high-five-with-her-mother-1536x1024.jpg 1536w, http:\/\/cecscouillet.eu\/pf\/wp-content\/uploads\/2026\/03\/baby-making-high-five-with-her-mother-2048x1365.jpg 2048w\" sizes=\"(max-width: 1024px) 100vw, 1024px\" \/><\/figure>\n<\/div>\n<\/div>\n\n\n\n<div class=\"wp-block-columns is-layout-flex wp-container-core-columns-is-layout-2 wp-block-columns-is-layout-flex\">\n<div class=\"wp-block-column is-layout-flow wp-block-column-is-layout-flow\">\n<figure class=\"wp-block-image size-large\"><img loading=\"lazy\" decoding=\"async\" width=\"1024\" height=\"683\" src=\"https:\/\/cecscouillet.eu\/pf\/wp-content\/uploads\/2026\/03\/three-year-child-home-1024x683.jpg\" alt=\"\" class=\"wp-image-1882\" srcset=\"http:\/\/cecscouillet.eu\/pf\/wp-content\/uploads\/2026\/03\/three-year-child-home-1024x683.jpg 1024w, http:\/\/cecscouillet.eu\/pf\/wp-content\/uploads\/2026\/03\/three-year-child-home-300x200.jpg 300w, http:\/\/cecscouillet.eu\/pf\/wp-content\/uploads\/2026\/03\/three-year-child-home-768x512.jpg 768w, http:\/\/cecscouillet.eu\/pf\/wp-content\/uploads\/2026\/03\/three-year-child-home-1536x1024.jpg 1536w, http:\/\/cecscouillet.eu\/pf\/wp-content\/uploads\/2026\/03\/three-year-child-home-2048x1365.jpg 2048w\" sizes=\"(max-width: 1024px) 100vw, 1024px\" \/><\/figure>\n<\/div>\n\n\n\n<div class=\"wp-block-column is-layout-flow wp-block-column-is-layout-flow\">\n<p><strong>UNE FORMATION QUALIFIANTE<br>ET PROFESSIONNALISANTE<\/strong>La formation se d\u00e9roule sur quatre ans, de la 4e \u00e0 la 7e secondaire, avec un parcours structurant :<br>\u2022\u2007 PEQ (Certification par Unit\u00e9s de Qualification -EAC)<br>\u2022\u2007 Stages obligatoires en cr\u00e8ches, \u00e9coles maternelles, etc.<\/p>\n\n\n\n<p><strong>DIPL\u00d4MES OBTENUS \u00c0 L\u2019ISSUE DE LA FORMATION<\/strong><br>\u2022\u2007 Certificat d\u2019Enseignement Secondaire Sup\u00e9rieur (CESS), donc avec la possibilit\u00e9 de poursuivre des \u00e9tudes sup\u00e9rieures<br>\u2022\u2007 Certificat de Qualification (CQ)<br>\u2022\u2007 Certificat de Gestion (CG)<\/p>\n\n\n\n<p><strong>DES COMP\u00c9TENCES PRATIQUES ET PROFESSIONNELLES<\/strong><br>Au terme de la formation, le pu\u00e9riculteur\/la pu\u00e9ricultrice sera capable :<br>\u2022\u2007 D\u2019assurer l\u2019\u00e9ducation et la socialisation de l\u2019enfant.<br>\u2022\u2007 D\u2019apporter des soins d\u2019hygi\u00e8ne et de confort.<br>\u2022\u2007 D\u2019organiser les repas et les temps de repos.<br>\u2022\u2007 De proposer des activit\u00e9s \u00e9ducatives et ludiques.<br>\u2022\u2007 De garantir la sant\u00e9 et la s\u00e9curit\u00e9 de l\u2019enfant.<br>\u2022\u2007 D\u2019instaurer une relation de confiance avec l\u2019enfant.<br>\u2022\u2007 De travailler en \u00e9quipe pluridisciplinaire.<br>\u2022\u2007 De communiquer avec les parents et la famille.<\/p>\n<\/div>\n<\/div>\n\n\n\n<hr class=\"wp-block-separator has-alpha-channel-opacity\"\/>\n\n\n\n<p class=\"has-vivid-cyan-blue-color has-text-color has-link-color has-large-font-size wp-elements-cc8ddc95536d4ef7e49d65b8ea9413c8\"><strong>AGENT D\u2019\u00c9DUCATION<\/strong><\/p>\n\n\n\n<div class=\"wp-block-columns is-layout-flex wp-container-core-columns-is-layout-3 wp-block-columns-is-layout-flex\">\n<div class=\"wp-block-column is-layout-flow wp-block-column-is-layout-flow\">\n<p><strong>TYPE D\u2019ENSEIGNEMENT<\/strong><br>Enseignement Technique de Qualification<\/p>\n\n\n\n<p><strong>PR\u00c9SENTATION <\/strong><br>UN M\u00c9TIER DE PASSION ET D\u2019ENGAGEMENT<br>Educateur A2 : vous avez \u00e0 c\u0153ur d\u2019accompagner, d\u2019aider et de soutenir les autres ? Vous \u00eates motiv\u00e9(e) par l\u2019\u00e9ducation et le secteur social ? Rejoignez une formation enrichissante qui vous ouvrira les portes d\u2019un avenir professionnel prometteur !<br>Nos professeurs vous guideront tout au long de votre parcours pour vous pr\u00e9parer \u00e0 un m\u00e9tier humain, dynamique et essentiel \u00e0 la soci\u00e9t\u00e9.<\/p>\n\n\n\n<p><strong>UN LARGE CHOIX DE D\u00c9BOUCH\u00c9S<\/strong><br>Gr\u00e2ce \u00e0 cette formation, vous pourrez exercer dans des environnements vari\u00e9s tels que :<br>\u2022\u2007 \u00c9tablissements scolaires<br>\u2022\u2007 Aide \u00e0 la jeunesse et accueil de l\u2019enfance<br>\u2022\u2007 Accompagnement des personnes en situation de handicap<br>\u2022\u2007 Maisons d\u2019accueil pour adultes et familles en difficult\u00e9<br>\u2022\u2007 Services d\u2019aide aux sans-abris<br>\u2022\u2007 Maisons de jeunes, maisons de repos<br>\u2022\u2007 Centres d\u2019accueil d\u2019urgence et services psychiatriques<br>\u2022\u2007 \u00c9ducateur de rue et services de proximit\u00e9<\/p>\n\n\n\n<p><br><strong>LES COMP\u00c9TENCES REQUISES<\/strong><br>Ce m\u00e9tier exige avant tout :<br>\u2022\u2007 Une grande capacit\u00e9 relationnelle et d\u2019\u00e9coute<br>\u2022\u2007 De l\u2019humanisme et de l\u2019empathie<br>\u2022\u2007 Un sens aigu de la communication<br>\u2022\u2007 De la patience, de la motivation et de l\u2019adaptabilit\u00e9<\/p>\n<\/div>\n\n\n\n<div class=\"wp-block-column is-layout-flow wp-block-column-is-layout-flow\">\n<figure class=\"wp-block-image size-large\"><img loading=\"lazy\" decoding=\"async\" width=\"941\" height=\"1024\" src=\"https:\/\/cecscouillet.eu\/pf\/wp-content\/uploads\/2026\/03\/woman-playing-with-her-students-lass-indoors-1-941x1024.jpg\" alt=\"\" class=\"wp-image-1889\" srcset=\"http:\/\/cecscouillet.eu\/pf\/wp-content\/uploads\/2026\/03\/woman-playing-with-her-students-lass-indoors-1-941x1024.jpg 941w, http:\/\/cecscouillet.eu\/pf\/wp-content\/uploads\/2026\/03\/woman-playing-with-her-students-lass-indoors-1-276x300.jpg 276w, http:\/\/cecscouillet.eu\/pf\/wp-content\/uploads\/2026\/03\/woman-playing-with-her-students-lass-indoors-1-768x836.jpg 768w, http:\/\/cecscouillet.eu\/pf\/wp-content\/uploads\/2026\/03\/woman-playing-with-her-students-lass-indoors-1-1411x1536.jpg 1411w, http:\/\/cecscouillet.eu\/pf\/wp-content\/uploads\/2026\/03\/woman-playing-with-her-students-lass-indoors-1-1882x2048.jpg 1882w\" sizes=\"(max-width: 941px) 100vw, 941px\" \/><\/figure>\n<\/div>\n<\/div>\n\n\n\n<div class=\"wp-block-columns is-layout-flex wp-container-core-columns-is-layout-4 wp-block-columns-is-layout-flex\">\n<div class=\"wp-block-column is-layout-flow wp-block-column-is-layout-flow\">\n<figure class=\"wp-block-image size-large\"><img loading=\"lazy\" decoding=\"async\" width=\"1024\" height=\"819\" src=\"https:\/\/cecscouillet.eu\/pf\/wp-content\/uploads\/2026\/03\/teacher-kids-looking-leaves-1024x819.jpg\" alt=\"\" class=\"wp-image-1885\" srcset=\"http:\/\/cecscouillet.eu\/pf\/wp-content\/uploads\/2026\/03\/teacher-kids-looking-leaves-1024x819.jpg 1024w, http:\/\/cecscouillet.eu\/pf\/wp-content\/uploads\/2026\/03\/teacher-kids-looking-leaves-300x240.jpg 300w, http:\/\/cecscouillet.eu\/pf\/wp-content\/uploads\/2026\/03\/teacher-kids-looking-leaves-768x614.jpg 768w, http:\/\/cecscouillet.eu\/pf\/wp-content\/uploads\/2026\/03\/teacher-kids-looking-leaves-1536x1229.jpg 1536w, http:\/\/cecscouillet.eu\/pf\/wp-content\/uploads\/2026\/03\/teacher-kids-looking-leaves-2048x1639.jpg 2048w\" sizes=\"(max-width: 1024px) 100vw, 1024px\" \/><\/figure>\n<\/div>\n\n\n\n<div class=\"wp-block-column is-layout-flow wp-block-column-is-layout-flow\">\n<p><strong>UNE FORMATION QUALIFIANTE ET PROFESSIONNALISANTE<\/strong><br>Dispens\u00e9e sur trois ans (de la 4e \u00e0 la 6e secondaire \u2013 PEQ : Certification par unit\u00e9s de qualification), cette formation vous permet d\u2019obtenir :<br>\u2022\u2007 Certificat d\u2019Enseignement Secondaire Sup\u00e9rieur (CESS), donc avec la possibilit\u00e9 de poursuivre des \u00e9tudes sup\u00e9rieures<br>\u2022\u2007 Le Certificat de Qualification (CQ)<\/p>\n\n\n\n<p><strong>DES COMP\u00c9TENCES PRATIQUES ET PROFESSIONNELLES<\/strong><br>\u00c0 l\u2019issue de la formation, vous serez capable de :<br>\u2022\u2007 Mettre en place un accompagnement socio \u00e9ducatif personnalis\u00e9<br>\u2022\u2007 Assurer un suivi socio-sanitaire et pr\u00e9ventif<br>\u2022\u2007 Encourager l\u2019autonomie et la r\u00e9insertion des b\u00e9n\u00e9ficiaires<br>\u2022\u2007 \u00c9laborer et mettre en \u0153uvre des projets \u00e9ducatifs et de r\u00e9orientation<br>\u2022\u2007 Organiser et animer des activit\u00e9s adapt\u00e9es<br>\u2022\u2007 G\u00e9rer les t\u00e2ches administratives et de coordination<br>\u2022\u2007 Travailler en \u00e9quipe avec les partenaires et l\u2019entourage des b\u00e9n\u00e9ficiaires<br>\u2022\u2007 Respecter la d\u00e9ontologie et le secret professionnel.<br>Des stages obligatoires sont pr\u00e9vus tout au long du cursus pour vous plonger au c\u0153ur du m\u00e9tier et vous offrir une exp\u00e9rience concr\u00e8te et formatrice.<\/p>\n<\/div>\n<\/div>\n\n\n\n<p><\/p>\n","protected":false},"excerpt":{"rendered":"<p>SERVICES SOCIAUX PU\u00c9RICULTURE TYPE D\u2019ENSEIGNEMENTEnseignement Professionnel. PR\u00c9SENTATIONUN M\u00c9TIER AU SERVICE DE L\u2019ENFANCELe pu\u00e9riculteur\/la pu\u00e9ricultrice prend encharge les enfants jusqu\u2019\u00e0 l\u2019\u00e2ge de 6 ans.Son r\u00f4le est essentiel pour assurer leur bien\u00eatre, leur hygi\u00e8ne, leur sant\u00e9, leur \u00e9veil et leur \u00e9ducation. SES MISSIONS PRINCIPALES\u2022\u2007 Pr\u00e9parer et donner les repas.\u2022\u2007 Changer les couches et assurer l\u2019hygi\u00e8ne de l\u2019enfant.\u2022\u2007 [&hellip;]<\/p>\n","protected":false},"author":1,"featured_media":0,"parent":0,"menu_order":0,"comment_status":"closed","ping_status":"closed","template":"","meta":{"footnotes":""},"_links":{"self":[{"href":"http:\/\/cecscouillet.eu\/pf\/wp-json\/wp\/v2\/pages\/58"}],"collection":[{"href":"http:\/\/cecscouillet.eu\/pf\/wp-json\/wp\/v2\/pages"}],"about":[{"href":"http:\/\/cecscouillet.eu\/pf\/wp-json\/wp\/v2\/types\/page"}],"author":[{"embeddable":true,"href":"http:\/\/cecscouillet.eu\/pf\/wp-json\/wp\/v2\/users\/1"}],"replies":[{"embeddable":true,"href":"http:\/\/cecscouillet.eu\/pf\/wp-json\/wp\/v2\/comments?post=58"}],"version-history":[{"count":24,"href":"http:\/\/cecscouillet.eu\/pf\/wp-json\/wp\/v2\/pages\/58\/revisions"}],"predecessor-version":[{"id":1903,"href":"http:\/\/cecscouillet.eu\/pf\/wp-json\/wp\/v2\/pages\/58\/revisions\/1903"}],"wp:attachment":[{"href":"http:\/\/cecscouillet.eu\/pf\/wp-json\/wp\/v2\/media?parent=58"}],"curies":[{"name":"wp","href":"https:\/\/api.w.org\/{rel}","templated":true}]}}