{"id":74,"date":"2018-03-27T11:43:19","date_gmt":"2018-03-27T09:43:19","guid":{"rendered":"http:\/\/cecscouillet.eu\/pf\/?page_id=74"},"modified":"2026-04-17T11:56:05","modified_gmt":"2026-04-17T09:56:05","slug":"grilles-horaires","status":"publish","type":"page","link":"http:\/\/cecscouillet.eu\/pf\/grilles-horaires\/","title":{"rendered":"Grilles horaires"},"content":{"rendered":"\n<div class=\"wp-block-columns is-layout-flex wp-container-core-columns-is-layout-1 wp-block-columns-is-layout-flex\">\n<div class=\"wp-block-column is-layout-flow wp-block-column-is-layout-flow\">\n<ul>\n<li><a href=\"http:\/\/cecscouillet.eu\/pf\/wp-content\/uploads\/2022\/08\/1c.pdf\" target=\"_blank\" rel=\"noreferrer noopener\">1er degr\u00e9 commun &#8211; 1\u00e8re ann\u00e9e<\/a><\/li>\n\n\n\n<li><a href=\"http:\/\/cecscouillet.eu\/pf\/wp-content\/uploads\/2022\/08\/1d.pdf\" target=\"_blank\" rel=\"noreferrer noopener\">1er degr\u00e9 diff\u00e9renci\u00e9 &#8211; 1\u00e8re ann\u00e9e<\/a><\/li>\n\n\n\n<li><a href=\"http:\/\/cecscouillet.eu\/pf\/wp-content\/uploads\/2022\/08\/2Diff-1.pdf\" target=\"_blank\" rel=\"noreferrer noopener\">1er degr\u00e9 diff\u00e9renci\u00e9 &#8211; 2\u00e8re ann\u00e9e<\/a><\/li>\n\n\n\n<li><a href=\"http:\/\/cecscouillet.eu\/pf\/wp-content\/uploads\/2022\/08\/2c.pdf\" target=\"_blank\" rel=\"noreferrer noopener\">1er degr\u00e9 commun &#8211; 2\u00e8me ann\u00e9e<\/a><\/li>\n\n\n\n<li><a href=\"http:\/\/cecscouillet.eu\/pf\/wp-content\/uploads\/2022\/08\/2-supp-1.pdf\" target=\"_blank\" rel=\"noreferrer noopener\">1er degr\u00e9 commun-2\u00e8me ann\u00e9e suppl\u00e9mentaire<\/a><\/li>\n<\/ul>\n\n\n\n<ul>\n<li><a href=\"http:\/\/cecscouillet.eu\/pf\/wp-content\/uploads\/2022\/08\/3P-AA-.pdf\" target=\"_blank\" rel=\"noreferrer noopener\">3\u00e8me professionnel Arts Appliqu\u00e9s<\/a><\/li>\n\n\n\n<li><a href=\"http:\/\/cecscouillet.eu\/pf\/wp-content\/uploads\/2022\/08\/3P-CS.pdf\" target=\"_blank\" rel=\"noreferrer noopener\">3\u00e8me professionnel Cuisine et Salle<\/a><\/li>\n\n\n\n<li><a href=\"http:\/\/cecscouillet.eu\/pf\/wp-content\/uploads\/2022\/08\/3P-SS.pdf\" target=\"_blank\" rel=\"noreferrer noopener\">3\u00e8me professionnel Services sociaux<\/a><\/li>\n\n\n\n<li><a href=\"http:\/\/cecscouillet.eu\/pf\/wp-content\/uploads\/2022\/08\/3T-R.pdf\" target=\"_blank\" rel=\"noreferrer noopener\">3\u00e8me technique Restauration<\/a><\/li>\n\n\n\n<li><a href=\"http:\/\/cecscouillet.eu\/pf\/wp-content\/uploads\/2022\/08\/3T-ST.pdf\" target=\"_blank\" rel=\"noreferrer noopener\">3\u00e8me technique Secr\u00e9tariat &#8211; Tourisme<\/a><\/li>\n\n\n\n<li><a href=\"http:\/\/cecscouillet.eu\/pf\/wp-content\/uploads\/2022\/08\/3T-TA-.pdf\" target=\"_blank\" rel=\"noreferrer noopener\">3\u00e8me technique Techniques Artistiques<\/a><\/li>\n\n\n\n<li><a href=\"http:\/\/cecscouillet.eu\/pf\/wp-content\/uploads\/2022\/08\/3T-TSA.pdf\" target=\"_blank\" rel=\"noreferrer noopener\">3\u00e8me technique Techniques sociales et d&rsquo;Animation<\/a><\/li>\n\n\n\n<li><a href=\"http:\/\/cecscouillet.eu\/pf\/wp-content\/uploads\/2025\/07\/3-Generale-Sciences-Sociales.pdf\" target=\"_blank\" rel=\"noreferrer noopener\">3\u00e8me G\u00e9n\u00e9rale Sciences Sociales<\/a><\/li>\n\n\n\n<li><a href=\"http:\/\/cecscouillet.eu\/pf\/wp-content\/uploads\/2022\/08\/4P-AA.pdf\" target=\"_blank\" rel=\"noreferrer noopener\">4\u00e8me professionnel Arts Appliqu\u00e9s<\/a><\/li>\n\n\n\n<li><a href=\"http:\/\/cecscouillet.eu\/pf\/wp-content\/uploads\/2022\/08\/4L-R.pdf\" target=\"_blank\" rel=\"noreferrer noopener\">4\u00e8me Professionnelle Restauration<\/a><\/li>\n\n\n\n<li><a href=\"http:\/\/cecscouillet.eu\/pf\/wp-content\/uploads\/2022\/08\/4P-SS.pdf\" target=\"_blank\" rel=\"noreferrer noopener\">4\u00e8me Professionnelle Services sociaux<\/a><\/li>\n\n\n\n<li><a href=\"http:\/\/cecscouillet.eu\/pf\/wp-content\/uploads\/2022\/08\/4tr.pdf\" target=\"_blank\" rel=\"noreferrer noopener\">4\u00e8me technique Restauration<\/a><\/li>\n\n\n\n<li><a href=\"http:\/\/cecscouillet.eu\/pf\/wp-content\/uploads\/2022\/08\/4T-ST.pdf\" target=\"_blank\" rel=\"noreferrer noopener\">4\u00e8me technique Secr\u00e9tariat Tourisme<\/a><\/li>\n\n\n\n<li><a href=\"http:\/\/cecscouillet.eu\/pf\/wp-content\/uploads\/2022\/08\/4T-TA-.pdf\" target=\"_blank\" rel=\"noreferrer noopener\">4\u00e8me Techniques Techniques Artistiques<\/a><\/li>\n\n\n\n<li><a href=\"http:\/\/cecscouillet.eu\/pf\/wp-content\/uploads\/2022\/08\/4T-TSA.pdf\" target=\"_blank\" rel=\"noreferrer noopener\">4\u00e8me Techniques Techniques Sociales et d&rsquo;Animation<\/a><\/li>\n<\/ul>\n<\/div>\n\n\n\n<div class=\"wp-block-column is-layout-flow wp-block-column-is-layout-flow\">\n<ul>\n<li><a href=\"http:\/\/cecscouillet.eu\/pf\/wp-content\/uploads\/2022\/09\/5P-AMP-1.pdf\" target=\"_blank\" rel=\"noreferrer noopener\">5\u00e8me professionnel assistant (e) aux m\u00e9tiers de la publicit\u00e9<\/a><\/li>\n\n\n\n<li><a href=\"http:\/\/cecscouillet.eu\/pf\/wp-content\/uploads\/2022\/09\/5P-Pue.pdf\" target=\"_blank\" rel=\"noreferrer noopener\">5\u00e8me professionnel Pu\u00e9riculture<\/a><\/li>\n\n\n\n<li><a href=\"http:\/\/cecscouillet.eu\/pf\/wp-content\/uploads\/2022\/09\/5L-R.doc-1.pdf\" target=\"_blank\" rel=\"noreferrer noopener\">5\u00e8me Professionnel Restaurateur (trice)<\/a><\/li>\n\n\n\n<li><a href=\"http:\/\/cecscouillet.eu\/pf\/wp-content\/uploads\/2022\/09\/5T-AAT.doc-1.pdf\" target=\"_blank\" rel=\"noreferrer noopener\">5\u00e8me technique Agent (e) en Accueil et Tourisme<\/a><\/li>\n\n\n\n<li><a href=\"http:\/\/cecscouillet.eu\/pf\/wp-content\/uploads\/2022\/09\/5T-AE-1.pdf\" target=\"_blank\" rel=\"noreferrer noopener\">5\u00e8me technique Agent (e) d&rsquo;\u00e9ducation<\/a><\/li>\n\n\n\n<li><a href=\"http:\/\/cecscouillet.eu\/pf\/wp-content\/uploads\/2022\/09\/5T-HR.doc-1.pdf\" target=\"_blank\" rel=\"noreferrer noopener\">5\u00e8me technique &#8211; Restaurateur<\/a><\/li>\n\n\n\n<li><a href=\"http:\/\/cecscouillet.eu\/pf\/wp-content\/uploads\/2022\/09\/5T-TI-.doc-1.pdf\" target=\"_blank\" rel=\"noreferrer noopener\">5\u00e8me technique Technicien en Infographie<\/a><\/li>\n\n\n\n<li><a href=\"http:\/\/cecscouillet.eu\/pf\/wp-content\/uploads\/2022\/09\/6P-AMP.pdf\" target=\"_blank\" rel=\"noreferrer noopener\">6\u00e8me professionnel assistant (e) aux m\u00e9tiers de la publicit\u00e9<\/a><\/li>\n\n\n\n<li><a href=\"http:\/\/cecscouillet.eu\/pf\/wp-content\/uploads\/2022\/09\/6P-Pue.pdf\" target=\"_blank\" rel=\"noreferrer noopener\">6\u00e8me professionnel Pu\u00e9riculture<\/a><\/li>\n\n\n\n<li><a href=\"http:\/\/cecscouillet.eu\/pf\/wp-content\/uploads\/2022\/09\/6L-R-.pdf\" target=\"_blank\" rel=\"noreferrer noopener\">6\u00e8me Professionnel Restaurateur (trice)<\/a><\/li>\n\n\n\n<li><a href=\"http:\/\/cecscouillet.eu\/pf\/wp-content\/uploads\/2022\/09\/6T-AAT.doc.pdf\" target=\"_blank\" rel=\"noreferrer noopener\">6\u00e8me technique Agent (e) \u00e0 Accueil et Tourisme<\/a><\/li>\n\n\n\n<li><a href=\"http:\/\/cecscouillet.eu\/pf\/wp-content\/uploads\/2022\/09\/6T-AE.pdf\" target=\"_blank\" rel=\"noreferrer noopener\">6\u00e8me technique Agent (e) d&rsquo;\u00e9ducation<\/a><\/li>\n\n\n\n<li><a href=\"http:\/\/cecscouillet.eu\/pf\/wp-content\/uploads\/2022\/09\/6T-HR.pdf\" target=\"_blank\" rel=\"noreferrer noopener\">6\u00e8me technique &#8211; Restaurateur (trice)<\/a><\/li>\n\n\n\n<li><a href=\"http:\/\/cecscouillet.eu\/pf\/wp-content\/uploads\/2022\/09\/6T-TI-.pdf\" target=\"_blank\" rel=\"noreferrer noopener\">6\u00e8me technique Technicien en Infographie<\/a><\/li>\n<\/ul>\n\n\n\n<ul>\n<li><a href=\"http:\/\/cecscouillet.eu\/pf\/wp-content\/uploads\/2022\/09\/7P-C-Ci-.pdf\" target=\"_blank\" rel=\"noreferrer noopener\">7\u00e8me professionnel Compl\u00e9ment en Cuisine Internationale<\/a><\/li>\n\n\n\n<li><a href=\"http:\/\/cecscouillet.eu\/pf\/wp-content\/uploads\/2022\/09\/7P-C-TP-.pdf\" target=\"_blank\" rel=\"noreferrer noopener\">7\u00e8me professionnel Compl\u00e9ment en Techniques Publicitaires<\/a><\/li>\n\n\n\n<li><a href=\"http:\/\/cecscouillet.eu\/pf\/wp-content\/uploads\/2022\/09\/7P-Q-Pue-1.pdf\" target=\"_blank\" rel=\"noreferrer noopener\">7\u00e8me professionnel Qualification en Pu\u00e9riculteur (trice)<\/a><\/li>\n\n\n\n<li><a href=\"http:\/\/cecscouillet.eu\/pf\/wp-content\/uploads\/2022\/09\/7P-Q-Som-.pdf\" target=\"_blank\" rel=\"noreferrer noopener\">7\u00e8me professionnel Qualification Sommelier (i\u00e8re)<\/a><\/li>\n<\/ul>\n<\/div>\n<\/div>\n","protected":false},"excerpt":{"rendered":"","protected":false},"author":1,"featured_media":0,"parent":0,"menu_order":0,"comment_status":"closed","ping_status":"closed","template":"","meta":{"footnotes":""},"_links":{"self":[{"href":"http:\/\/cecscouillet.eu\/pf\/wp-json\/wp\/v2\/pages\/74"}],"collection":[{"href":"http:\/\/cecscouillet.eu\/pf\/wp-json\/wp\/v2\/pages"}],"about":[{"href":"http:\/\/cecscouillet.eu\/pf\/wp-json\/wp\/v2\/types\/page"}],"author":[{"embeddable":true,"href":"http:\/\/cecscouillet.eu\/pf\/wp-json\/wp\/v2\/users\/1"}],"replies":[{"embeddable":true,"href":"http:\/\/cecscouillet.eu\/pf\/wp-json\/wp\/v2\/comments?post=74"}],"version-history":[{"count":85,"href":"http:\/\/cecscouillet.eu\/pf\/wp-json\/wp\/v2\/pages\/74\/revisions"}],"predecessor-version":[{"id":2457,"href":"http:\/\/cecscouillet.eu\/pf\/wp-json\/wp\/v2\/pages\/74\/revisions\/2457"}],"wp:attachment":[{"href":"http:\/\/cecscouillet.eu\/pf\/wp-json\/wp\/v2\/media?parent=74"}],"curies":[{"name":"wp","href":"https:\/\/api.w.org\/{rel}","templated":true}]}}