{"id":78,"date":"2018-03-27T11:45:03","date_gmt":"2018-03-27T09:45:03","guid":{"rendered":"http:\/\/cecscouillet.eu\/pf\/?page_id=78"},"modified":"2026-03-26T14:15:06","modified_gmt":"2026-03-26T13:15:06","slug":"communications-parents","status":"publish","type":"page","link":"http:\/\/cecscouillet.eu\/pf\/communications-parents\/","title":{"rendered":"Communications parents"},"content":{"rendered":"\n<p class=\"has-red-color has-text-color has-medium-font-size\"><strong>Toute absence de plus de 50 minutes doit \u00eatre justifi\u00e9e:<\/strong><\/p>\n\n\n\n<ul>\n<li>soit par un certificat m\u00e9dical;<\/li>\n\n\n\n<li>soit par une attestation officielle;<\/li>\n\n\n\n<li>soit par un coupon du journal de classe (un coupon par 1\/2 jour d&rsquo;absence);<\/li>\n\n\n\n<li>une attestation d&rsquo;un rdv m\u00e9dical (ne justifie que la demi-journ\u00e9e du rdv);<\/li>\n<\/ul>\n\n\n\n<p class=\"has-red-color has-text-color has-medium-font-size\"><strong>Tous ces documents doivent \u00eatre remis au plus tard dans les 48h qui suivent le 1er jour d&rsquo;absence.<\/strong><\/p>\n\n\n\n<ul>\n<li>soit en main propre;<\/li>\n\n\n\n<li>soit via l&rsquo;adresse mail de l&rsquo;\u00e9ducateur r\u00e9f\u00e9rent<\/li>\n<\/ul>\n\n\n\n<div class=\"wp-block-group\"><div class=\"wp-block-group__inner-container is-layout-constrained wp-block-group-is-layout-constrained\">\n<div class=\"wp-block-columns is-layout-flex wp-container-core-columns-is-layout-1 wp-block-columns-is-layout-flex\">\n<div class=\"wp-block-column is-layout-flow wp-block-column-is-layout-flow\" style=\"flex-basis:1%\"><\/div>\n\n\n\n<div class=\"wp-block-column is-layout-flow wp-block-column-is-layout-flow\">\n<table id=\"tablepress-5\" class=\"tablepress tablepress-id-5\">\n<thead>\n<tr class=\"row-1 odd\">\n\t<th class=\"column-1\">Educateur<\/th><th class=\"column-2\">Classe<\/th><th class=\"column-3\">Mail<\/th>\n<\/tr>\n<\/thead>\n<tbody class=\"row-hover\">\n<tr class=\"row-2 even\">\n\t<td class=\"column-1\">Mme Thibonne<\/td><td class=\"column-2\">1C1 \u2013 1C2 &#8211; 1C3 \u2013 2S<\/td><td class=\"column-3\">thibonne.cecscouillet@gmail.com<\/td>\n<\/tr>\n<tr class=\"row-3 odd\">\n\t<td class=\"column-1\">Mme Petracin<\/td><td class=\"column-2\">1D1 \u2013 1D2 \u2013 3TTSA1 \u2013 3TTSA2<\/td><td class=\"column-3\">educateurcouillet@gmail.com<\/td>\n<\/tr>\n<tr class=\"row-4 even\">\n\t<td class=\"column-1\">M. Cambier<\/td><td class=\"column-2\">2C1 \u2013 2C2 \u2013 2C3 \u2013 2D1 \u2013 2D2 \u2013 7PCTP<\/td><td class=\"column-3\">fredericcambiercecscouillet@gmail.com<\/td>\n<\/tr>\n<tr class=\"row-5 odd\">\n\t<td class=\"column-1\">Mme. Crabb\u00e9<\/td><td class=\"column-2\">3TTA \u2013 4PAMP \u2013 5PAMP<\/td><td class=\"column-3\">crabbe.cecscouillet@gmail.com<\/td>\n<\/tr>\n<tr class=\"row-6 even\">\n\t<td class=\"column-1\">M. Schoreels<\/td><td class=\"column-2\">3PAA \u2013 3PSS1 \u2013 3PSS2 \u2013 4TTI<\/td><td class=\"column-3\">fredericschoreelscecscouillet@gmail.com<\/td>\n<\/tr>\n<tr class=\"row-7 odd\">\n\t<td class=\"column-1\">Mme Peyrusson<\/td><td class=\"column-2\">4PPUE \u2013 5PPUE \u2013 6PAMP \u2013 6PPUE \u2013 7PPUE \u2013 7S<\/td><td class=\"column-3\">jpeyrusson.cecscouillet@gmail.com<\/td>\n<\/tr>\n<tr class=\"row-8 even\">\n\t<td class=\"column-1\">M. Kara<\/td><td class=\"column-2\">3PCS -4TAE2 \u2013 4THR \u2013 4LR \u2013 5LR -6LR<\/td><td class=\"column-3\"> kara.cecscouillet@gmail.com<\/td>\n<\/tr>\n<tr class=\"row-9 odd\">\n\t<td class=\"column-1\">M. Hastire<\/td><td class=\"column-2\">5TAE \u2013 6TAE1 \u2013 6TAE2<\/td><td class=\"column-3\">dhastire.cecscouillet@gmail.com<\/td>\n<\/tr>\n<tr class=\"row-10 even\">\n\t<td class=\"column-1\">Mme Stichelbout<\/td><td class=\"column-2\">5TTI \u2013 5THR \u2013 5TAAT \u2013 6TTI \u2013 6THR \u2013 6TAAT \u2013 7PS<\/td><td class=\"column-3\">astichelbout.cecscouillet@gmail.com<\/td>\n<\/tr>\n<tr class=\"row-11 odd\">\n\t<td class=\"column-1\">Mme Derom<\/td><td class=\"column-2\">5TTI \u2013 5THR \u2013 5TAAT \u2013 6TTI \u2013 6THR \u2013 6TAAT \u2013 7PS<\/td><td class=\"column-3\">derom.cecscouillet@gmail.com<\/td>\n<\/tr>\n<tr class=\"row-12 even\">\n\t<td class=\"column-1\">Mme Kiknkin<\/td><td class=\"column-2\">5TTI \u2013 5THR \u2013 5TAAT \u2013 6TTI \u2013 6THR \u2013 6TAAT \u2013 7PS<\/td><td class=\"column-3\">kinkin.cecscouillet@gmail.com<\/td>\n<\/tr>\n<\/tbody>\n<\/table>\n<!-- #tablepress-5 from cache --><\/div>\n<\/div>\n\n\n\n<hr class=\"wp-block-separator has-alpha-channel-opacity\"\/>\n\n\n\n<p><\/p>\n\n\n\n<ol>\n<li><a href=\"http:\/\/cecscouillet.eu\/pf\/wp-content\/uploads\/2025\/09\/03-ROI-Enseignement-secondaire-MAJ-rentree-2025.pdf\" target=\"_blank\" rel=\"noopener\">R\u00e8glement g\u00e9n\u00e9ral d&rsquo;ordre int\u00e9rieur<\/a><\/li>\n<li><a style=\"font-size: revert;\" href=\"http:\/\/cecscouillet.eu\/pf\/wp-content\/uploads\/2025\/09\/02-RGE-enseignement-secondaire-MAJ-rentree-2025.pdf\" target=\"_blank\" rel=\"noopener\">R\u00e8glement g\u00e9n\u00e9ral des \u00e9tudes<\/a><\/li>\n<li><a href=\"http:\/\/cecscouillet.eu\/pf\/wp-content\/uploads\/2025\/09\/05-Code-vestimentaire-2025-2026.pdf\" target=\"_blank\" rel=\"noopener\">Code vestimentaire<\/a><\/li>\n<li><a href=\"http:\/\/cecscouillet.eu\/pf\/wp-content\/uploads\/2025\/09\/07-REGLEMENT-EDUCATION-PHYSIQUE-2024-2025.pdf\" target=\"_blank\" rel=\"noopener\">R\u00e8glement cours d&rsquo;\u00e9ducation physique<\/a><\/li>\n<li><a href=\"http:\/\/cecscouillet.eu\/pf\/wp-content\/uploads\/2025\/09\/01-projets-educatif-et-pedagogique-de-la-Ville-de-Charleroi-MAJ-rentree-2025.pdf\" target=\"_blank\" rel=\"noopener\">Projet p\u00e9dagogique et \u00e9ducatif<\/a><\/li>\n<li><a href=\"http:\/\/cecscouillet.eu\/pf\/wp-content\/uploads\/2025\/09\/06-REGLEMENT-DE-LA-SECTION-HOTELIERE-ET-CUISINE-FAMILIALE-2024-2025.pdf\" target=\"_blank\" rel=\"noopener\">R\u00e8glement section h\u00f4teli\u00e8re<\/a><\/li>\n<li><a href=\"http:\/\/cecscouillet.eu\/pf\/wp-content\/uploads\/2023\/06\/Procedure-de-conciliation-interne-_-recours-interne-Volet-1-ressource-15863.pdf\" target=\"_blank\" rel=\"noopener\">Modalit\u00e9s de recours interne<\/a><\/li>\n<li><a href=\"https:\/\/cecscouillet.eu\/pf\/wp-content\/uploads\/2023\/06\/Procedure-de-recours-externe-aupres-du-Conseil-de-recours-contre-les-decisions-du-Conseil-de-clas-ressource-15864-1.pdf\" target=\"_blank\" rel=\"noopener\">Modalit\u00e9s de recours externe<\/a><\/li>\n<\/ol>\n\n\n<\/div><\/div>\n\n\n\n<p><\/p>\n","protected":false},"excerpt":{"rendered":"<p>Toute absence de plus de 50 minutes doit \u00eatre justifi\u00e9e: Tous ces documents doivent \u00eatre remis au plus tard dans les 48h qui suivent le 1er jour d&rsquo;absence. R\u00e8glement g\u00e9n\u00e9ral d&rsquo;ordre int\u00e9rieur R\u00e8glement g\u00e9n\u00e9ral des \u00e9tudes Code vestimentaire R\u00e8glement cours d&rsquo;\u00e9ducation physique Projet p\u00e9dagogique et \u00e9ducatif R\u00e8glement section h\u00f4teli\u00e8re Modalit\u00e9s de recours interne Modalit\u00e9s de [&hellip;]<\/p>\n","protected":false},"author":1,"featured_media":0,"parent":0,"menu_order":0,"comment_status":"closed","ping_status":"closed","template":"","meta":{"footnotes":""},"_links":{"self":[{"href":"http:\/\/cecscouillet.eu\/pf\/wp-json\/wp\/v2\/pages\/78"}],"collection":[{"href":"http:\/\/cecscouillet.eu\/pf\/wp-json\/wp\/v2\/pages"}],"about":[{"href":"http:\/\/cecscouillet.eu\/pf\/wp-json\/wp\/v2\/types\/page"}],"author":[{"embeddable":true,"href":"http:\/\/cecscouillet.eu\/pf\/wp-json\/wp\/v2\/users\/1"}],"replies":[{"embeddable":true,"href":"http:\/\/cecscouillet.eu\/pf\/wp-json\/wp\/v2\/comments?post=78"}],"version-history":[{"count":65,"href":"http:\/\/cecscouillet.eu\/pf\/wp-json\/wp\/v2\/pages\/78\/revisions"}],"predecessor-version":[{"id":2103,"href":"http:\/\/cecscouillet.eu\/pf\/wp-json\/wp\/v2\/pages\/78\/revisions\/2103"}],"wp:attachment":[{"href":"http:\/\/cecscouillet.eu\/pf\/wp-json\/wp\/v2\/media?parent=78"}],"curies":[{"name":"wp","href":"https:\/\/api.w.org\/{rel}","templated":true}]}}