{"id":1671,"date":"2026-02-06T18:25:17","date_gmt":"2026-02-06T17:25:17","guid":{"rendered":"https:\/\/cecscouillet.eu\/pf\/?page_id=1671"},"modified":"2026-03-23T11:59:20","modified_gmt":"2026-03-23T10:59:20","slug":"erasmus","status":"publish","type":"page","link":"https:\/\/cecscouillet.eu\/pf\/erasmus\/","title":{"rendered":"Erasmus+"},"content":{"rendered":"\n<div class=\"wp-block-columns is-layout-flex wp-container-core-columns-is-layout-1 wp-block-columns-is-layout-flex\">\n<div class=\"wp-block-column is-layout-flow wp-block-column-is-layout-flow\" style=\"flex-basis:30%\"><div class=\"wp-block-image\">\n<figure class=\"aligncenter size-large\"><img loading=\"lazy\" decoding=\"async\" width=\"1024\" height=\"278\" src=\"http:\/\/cecscouillet.eu\/pf\/wp-content\/uploads\/2026\/03\/Erasmus_with_baseline-pos-ALL_lang_FR-1024x278.jpg\" alt=\"\" class=\"wp-image-1945\" srcset=\"https:\/\/cecscouillet.eu\/pf\/wp-content\/uploads\/2026\/03\/Erasmus_with_baseline-pos-ALL_lang_FR-1024x278.jpg 1024w, https:\/\/cecscouillet.eu\/pf\/wp-content\/uploads\/2026\/03\/Erasmus_with_baseline-pos-ALL_lang_FR-300x81.jpg 300w, https:\/\/cecscouillet.eu\/pf\/wp-content\/uploads\/2026\/03\/Erasmus_with_baseline-pos-ALL_lang_FR-768x209.jpg 768w, https:\/\/cecscouillet.eu\/pf\/wp-content\/uploads\/2026\/03\/Erasmus_with_baseline-pos-ALL_lang_FR-1536x417.jpg 1536w, https:\/\/cecscouillet.eu\/pf\/wp-content\/uploads\/2026\/03\/Erasmus_with_baseline-pos-ALL_lang_FR.jpg 1767w\" sizes=\"(max-width: 1024px) 100vw, 1024px\" \/><\/figure><\/div><\/div>\n\n\n\n<div class=\"wp-block-column is-layout-flow wp-block-column-is-layout-flow\" style=\"flex-basis:50%\"><\/div>\n\n\n\n<div class=\"wp-block-column is-layout-flow wp-block-column-is-layout-flow\" style=\"flex-basis:12%\"><div class=\"wp-block-image\">\n<figure class=\"aligncenter size-full\"><img loading=\"lazy\" decoding=\"async\" width=\"890\" height=\"480\" src=\"http:\/\/cecscouillet.eu\/pf\/wp-content\/uploads\/2026\/03\/6001-CECS-Hotellerie-2.png\" alt=\"\" class=\"wp-image-1954\" srcset=\"https:\/\/cecscouillet.eu\/pf\/wp-content\/uploads\/2026\/03\/6001-CECS-Hotellerie-2.png 890w, https:\/\/cecscouillet.eu\/pf\/wp-content\/uploads\/2026\/03\/6001-CECS-Hotellerie-2-300x162.png 300w, https:\/\/cecscouillet.eu\/pf\/wp-content\/uploads\/2026\/03\/6001-CECS-Hotellerie-2-768x414.png 768w\" sizes=\"(max-width: 890px) 100vw, 890px\" \/><\/figure><\/div><\/div>\n<\/div>\n\n\n\n<div class=\"wp-block-columns is-layout-flex wp-container-core-columns-is-layout-2 wp-block-columns-is-layout-flex\">\n<div class=\"wp-block-column is-layout-flow wp-block-column-is-layout-flow\"><\/div>\n<\/div>\n\n\n\n<p>L\u2019\u00e9cole h\u00f4teli\u00e8re de Marcinelle est le premier \u00e9tablissement communal secondaire de la Ville de Charleroi \u00e0 avoir obtenu l\u2019approbation d\u2019un projet dans le cadre du programme Erasmus+.<\/p>\n\n\n\n<p>Ce projet marque une \u00e9tape importante dans l\u2019ouverture europ\u00e9enne de notre \u00e9tablissement. Gr\u00e2ce au programme Erasmus+, nous offrons \u00e0 nos \u00e9l\u00e8ves l\u2019opportunit\u00e9 de vivre des exp\u00e9riences professionnelles et humaines \u00e0 l\u2019\u00e9tranger, au contact d\u2019autres cultures, d\u2019autres pratiques culinaires et d\u2019autres fa\u00e7ons de travailler.<\/p>\n\n\n\n<p>Dans les m\u00e9tiers de l\u2019h\u00f4tellerie et de la restauration, la d\u00e9couverte de nouveaux savoir\u2011faire et l\u2019\u00e9change avec d\u2019autres professionnels constituent une richesse essentielle. Les mobilit\u00e9s Erasmus+ permettront \u00e0 nos \u00e9l\u00e8ves de d\u00e9velopper leurs comp\u00e9tences techniques, leur autonomie, leur ouverture d\u2019esprit et leur capacit\u00e9 d\u2019adaptation dans un contexte international.<\/p>\n\n\n\n<p class=\"has-vivid-cyan-blue-color has-text-color has-link-color has-large-font-size wp-elements-fc85543559d10b20d842b38cd5f478e2\"><strong>Les 4 priorit\u00e9s du programme Erasmus+<\/strong><\/p>\n\n\n\n<p class=\"has-vivid-cyan-blue-color has-text-color has-link-color has-medium-font-size wp-elements-d340acabe0c5cf98a2340e5c4e999193\"><strong>Inclusion et diversit\u00e9<\/strong><\/p>\n\n\n\n<p>Nous souhaitons permettre au plus grand nombre d\u2019\u00e9l\u00e8ves de participer aux mobilit\u00e9s Erasmus+. Une attention particuli\u00e8re est port\u00e9e aux jeunes qui peuvent rencontrer des obstacles sociaux, \u00e9conomiques ou scolaires. Erasmus+ constitue ainsi un v\u00e9ritable levier d\u2019\u00e9galit\u00e9 des chances et d\u2019ouverture au monde.<\/p>\n\n\n\n<p class=\"has-vivid-cyan-blue-color has-text-color has-link-color has-medium-font-size wp-elements-8cabbdcb20a6d200d107fd180f63ab3c\"><strong>Transition num\u00e9rique<\/strong><\/p>\n\n\n\n<p>Le num\u00e9rique occupe une place importante dans notre projet. Les outils digitaux permettent de pr\u00e9parer les mobilit\u00e9s, de collaborer avec nos partenaires europ\u00e9ens et de valoriser les exp\u00e9riences v\u00e9cues par nos \u00e9l\u00e8ves.<\/p>\n\n\n\n<p class=\"has-vivid-cyan-blue-color has-text-color has-link-color has-medium-font-size wp-elements-aa6352d67a5dea92f9ceb121d0e9aa75\"><strong>Engagement environnemental<\/strong><\/p>\n\n\n\n<p>\u00c0 travers Erasmus+, nous sensibilisons nos \u00e9l\u00e8ves \u00e0 des pratiques professionnelles plus durables comme la r\u00e9duction du gaspillage alimentaire, la valorisation des produits locaux et une gestion responsable des ressources.<\/p>\n\n\n\n<p class=\"has-vivid-cyan-blue-color has-text-color has-link-color wp-elements-a15a852de69df57c7390ae1db4eef771\"><strong>Participation \u00e0 la vie d\u00e9mocratique<\/strong><\/p>\n\n\n\n<p>Les mobilit\u00e9s Erasmus+ permettent \u00e0 nos \u00e9l\u00e8ves de rencontrer d\u2019autres cultures, d\u2019\u00e9changer avec des jeunes europ\u00e9ens et de d\u00e9velopper leur ouverture d\u2019esprit ainsi que leur engagement citoyen.<\/p>\n\n\n\n<p><\/p>\n\n\n\n<p><strong>\u00c0 travers ce projet Erasmus+, nous affirmons notre volont\u00e9 de proposer une formation moderne, ouverte sur l\u2019Europe et tourn\u00e9e vers l\u2019avenir, afin de pr\u00e9parer nos \u00e9l\u00e8ves \u00e0 devenir des professionnels comp\u00e9tents, responsables et citoyens du monde.<\/strong><br><\/p>\n\n\n\n<figure class=\"wp-block-image size-full is-resized\"><img loading=\"lazy\" decoding=\"async\" width=\"658\" height=\"143\" src=\"https:\/\/cecscouillet.eu\/pf\/wp-content\/uploads\/2026\/03\/Sans-titre-2-1.jpg\" alt=\"\" class=\"wp-image-2047\" style=\"width:359px;height:auto\" srcset=\"https:\/\/cecscouillet.eu\/pf\/wp-content\/uploads\/2026\/03\/Sans-titre-2-1.jpg 658w, https:\/\/cecscouillet.eu\/pf\/wp-content\/uploads\/2026\/03\/Sans-titre-2-1-300x65.jpg 300w\" sizes=\"(max-width: 658px) 100vw, 658px\" \/><\/figure>\n\n\n\n<hr class=\"wp-block-separator has-alpha-channel-opacity\"\/>\n\n\n\n<p> <\/p>\n\n\n\n<p><strong><a href=\"https:\/\/www.erasmusplus-fr.be\/\" target=\"_blank\" rel=\"noreferrer noopener\">D\u00e9couvrir le programme Erasmus+<\/a><\/strong><\/p>\n","protected":false},"excerpt":{"rendered":"<p>L\u2019\u00e9cole h\u00f4teli\u00e8re de Marcinelle est le premier \u00e9tablissement communal secondaire de la Ville de Charleroi \u00e0 avoir obtenu l\u2019approbation d\u2019un projet dans le cadre du programme Erasmus+. Ce projet marque une \u00e9tape importante dans l\u2019ouverture europ\u00e9enne de notre \u00e9tablissement. Gr\u00e2ce au programme Erasmus+, nous offrons \u00e0 nos \u00e9l\u00e8ves l\u2019opportunit\u00e9 de vivre des exp\u00e9riences professionnelles et [&hellip;]<\/p>\n","protected":false},"author":1,"featured_media":0,"parent":0,"menu_order":0,"comment_status":"closed","ping_status":"closed","template":"","meta":{"footnotes":""},"_links":{"self":[{"href":"https:\/\/cecscouillet.eu\/pf\/wp-json\/wp\/v2\/pages\/1671"}],"collection":[{"href":"https:\/\/cecscouillet.eu\/pf\/wp-json\/wp\/v2\/pages"}],"about":[{"href":"https:\/\/cecscouillet.eu\/pf\/wp-json\/wp\/v2\/types\/page"}],"author":[{"embeddable":true,"href":"https:\/\/cecscouillet.eu\/pf\/wp-json\/wp\/v2\/users\/1"}],"replies":[{"embeddable":true,"href":"https:\/\/cecscouillet.eu\/pf\/wp-json\/wp\/v2\/comments?post=1671"}],"version-history":[{"count":27,"href":"https:\/\/cecscouillet.eu\/pf\/wp-json\/wp\/v2\/pages\/1671\/revisions"}],"predecessor-version":[{"id":2048,"href":"https:\/\/cecscouillet.eu\/pf\/wp-json\/wp\/v2\/pages\/1671\/revisions\/2048"}],"wp:attachment":[{"href":"https:\/\/cecscouillet.eu\/pf\/wp-json\/wp\/v2\/media?parent=1671"}],"curies":[{"name":"wp","href":"https:\/\/api.w.org\/{rel}","templated":true}]}}